{"id":12206,"date":"2020-11-06T16:32:24","date_gmt":"2020-11-06T15:32:24","guid":{"rendered":"http:\/\/dev.asart.fr\/?post_type=product&#038;p=12206"},"modified":"2026-04-02T15:12:44","modified_gmt":"2026-04-02T13:12:44","slug":"bracelets-cana-flecha-m-nb-colombie","status":"publish","type":"product","link":"https:\/\/www.asart.fr\/en\/produit\/bracelets-cana-flecha-m-nb-colombie\/","title":{"rendered":"Bracelets Ca\u00f1a Flecha, M, N&#038;B, Colombie"},"content":{"rendered":"<p>Ces bracelets sont en ca\u00f1a flecha (Gynerium sagittatum), une grande plante herbac\u00e9e tropicale de la famille des Poaceae, pouvant d\u00e9passer cinq m\u00e8tres de hauteur.<br \/>\nApr\u00e8s avoir \u00e9t\u00e9 lav\u00e9e, \u00e9minc\u00e9e, s\u00e9ch\u00e9e et teinte, la fibre de sa feuille est ensuite tress\u00e9e.<br \/>\nCet artisanat est une tradition pr\u00e9-colombienne que les indiens Zen\u00fa perp\u00e9tuent, en Colombie, dans le d\u00e9partement de C\u00f3rdoba.<\/p>\n<p>Mat\u00e9riau \u2013 Ca\u00f1a flecha (Gynerium sagittatum)<\/p>\n<p>Dimensions approx. :<br \/>\nLargeur &#8211; 1,5 cm<br \/>\n\u00d8 &#8211; Ajustable<\/p>\n<p><em>Chaque bracelet est unique<\/em><em>, les motifs varient d\u2019un bracelet \u00e0 l\u2019autre.<br \/>\n<\/em><em>Prix unitaire\u00a0<\/em><\/p>\n","protected":false},"excerpt":{"rendered":"<p>Ces bracelets sont en ca\u00f1a flecha (Gynerium sagittatum), une grande plante herbac\u00e9e tropicale de la famille des Poaceae, pouvant d\u00e9passer cinq m\u00e8tres de hauteur. Apr\u00e8s avoir \u00e9t\u00e9 lav\u00e9e, \u00e9minc\u00e9e, s\u00e9ch\u00e9e et teinte, la fibre de sa feuille est ensuite tress\u00e9e. Cet artisanat est une tradition pr\u00e9-colombienne que les indiens Zen\u00fa perp\u00e9tuent, en Colombie, dans le [&hellip;]<\/p>\n","protected":false},"featured_media":3646,"template":"","meta":[],"product_brand":[],"product_cat":[2522,2571,2391],"product_tag":[],"class_list":{"0":"post-12206","1":"product","2":"type-product","3":"status-publish","4":"has-post-thumbnail","6":"product_cat-accessoires","7":"product_cat-bijoux","8":"product_cat-bracelets-en-cana-flecha","9":"pa_pays-colombie","10":"pa_taille-l-0-5-cm","11":"pa_taille-l-1-cm","12":"pa_taille-l-15-cm","13":"pa_taille-l-25-cm","14":"pa_taille-spirale","16":"first","17":"instock","18":"taxable","19":"shipping-taxable","20":"purchasable","21":"product-type-simple"},"yoast_head":"<!-- This site is optimized with the Yoast SEO plugin v26.9 - https:\/\/yoast.com\/product\/yoast-seo-wordpress\/ -->\n<title>Bracelets Ca\u00f1a Flecha, M, N&amp;B, Colombie - AS&#039;ART - A sense of craft<\/title>\n<meta name=\"description\" content=\"Ces bracelets sont en ca\u00f1a flecha (Gynerium sagittatum), une grande plante herbac\u00e9e tropicale de la famille des Poaceae, pouvant d\u00e9passer cinq m\u00e8tres de\" \/>\n<meta name=\"robots\" content=\"index, follow, max-snippet:-1, max-image-preview:large, max-video-preview:-1\" \/>\n<link rel=\"canonical\" href=\"https:\/\/www.asart.fr\/en\/produit\/bracelets-cana-flecha-m-nb-colombie\/\" \/>\n<meta property=\"og:locale\" content=\"en_US\" \/>\n<meta property=\"og:type\" content=\"article\" \/>\n<meta property=\"og:title\" content=\"Bracelets Ca\u00f1a Flecha, M, N&amp;B, Colombie - AS&#039;ART - A sense of craft\" \/>\n<meta property=\"og:description\" content=\"Ces bracelets sont en ca\u00f1a flecha (Gynerium sagittatum), une grande plante herbac\u00e9e tropicale de la famille des Poaceae, pouvant d\u00e9passer cinq m\u00e8tres de\" \/>\n<meta property=\"og:url\" content=\"https:\/\/www.asart.fr\/en\/produit\/bracelets-cana-flecha-m-nb-colombie\/\" \/>\n<meta property=\"og:site_name\" content=\"AS&#039;ART - A sense of craft\" \/>\n<meta property=\"article:publisher\" content=\"https:\/\/www.facebook.com\/ASART-351510218203916\/\" \/>\n<meta property=\"article:modified_time\" content=\"2026-04-02T13:12:44+00:00\" \/>\n<meta property=\"og:image\" content=\"https:\/\/www.asart.fr\/wp-content\/uploads\/2020\/06\/IMG_5489-scaled.jpg\" \/>\n\t<meta property=\"og:image:width\" content=\"2560\" \/>\n\t<meta property=\"og:image:height\" content=\"2560\" \/>\n\t<meta property=\"og:image:type\" content=\"image\/jpeg\" \/>\n<meta name=\"twitter:card\" content=\"summary_large_image\" \/>\n<meta name=\"twitter:label1\" content=\"Est. reading time\" \/>\n\t<meta name=\"twitter:data1\" content=\"1 minute\" \/>\n<script type=\"application\/ld+json\" class=\"yoast-schema-graph\">{\"@context\":\"https:\/\/schema.org\",\"@graph\":[{\"@type\":\"WebPage\",\"@id\":\"https:\/\/www.asart.fr\/en\/produit\/bracelets-cana-flecha-m-nb-colombie\/\",\"url\":\"https:\/\/www.asart.fr\/en\/produit\/bracelets-cana-flecha-m-nb-colombie\/\",\"name\":\"Bracelets Ca\u00f1a Flecha, M, N&B, Colombie - AS&#039;ART - A sense of craft\",\"isPartOf\":{\"@id\":\"https:\/\/www.asart.fr\/en\/#website\"},\"primaryImageOfPage\":{\"@id\":\"https:\/\/www.asart.fr\/en\/produit\/bracelets-cana-flecha-m-nb-colombie\/#primaryimage\"},\"image\":{\"@id\":\"https:\/\/www.asart.fr\/en\/produit\/bracelets-cana-flecha-m-nb-colombie\/#primaryimage\"},\"thumbnailUrl\":\"https:\/\/www.asart.fr\/wp-content\/uploads\/2020\/06\/IMG_5489-scaled.jpg\",\"datePublished\":\"2020-11-06T15:32:24+00:00\",\"dateModified\":\"2026-04-02T13:12:44+00:00\",\"description\":\"Ces bracelets sont en ca\u00f1a flecha (Gynerium sagittatum), une grande plante herbac\u00e9e tropicale de la famille des Poaceae, pouvant d\u00e9passer cinq m\u00e8tres de\",\"breadcrumb\":{\"@id\":\"https:\/\/www.asart.fr\/en\/produit\/bracelets-cana-flecha-m-nb-colombie\/#breadcrumb\"},\"inLanguage\":\"en-US\",\"potentialAction\":[{\"@type\":\"ReadAction\",\"target\":[\"https:\/\/www.asart.fr\/en\/produit\/bracelets-cana-flecha-m-nb-colombie\/\"]}]},{\"@type\":\"ImageObject\",\"inLanguage\":\"en-US\",\"@id\":\"https:\/\/www.asart.fr\/en\/produit\/bracelets-cana-flecha-m-nb-colombie\/#primaryimage\",\"url\":\"https:\/\/www.asart.fr\/wp-content\/uploads\/2020\/06\/IMG_5489-scaled.jpg\",\"contentUrl\":\"https:\/\/www.asart.fr\/wp-content\/uploads\/2020\/06\/IMG_5489-scaled.jpg\",\"width\":2560,\"height\":2560},{\"@type\":\"BreadcrumbList\",\"@id\":\"https:\/\/www.asart.fr\/en\/produit\/bracelets-cana-flecha-m-nb-colombie\/#breadcrumb\",\"itemListElement\":[{\"@type\":\"ListItem\",\"position\":1,\"name\":\"Accueil\",\"item\":\"https:\/\/www.asart.fr\/en\/\"},{\"@type\":\"ListItem\",\"position\":2,\"name\":\"Browse all collections\",\"item\":\"https:\/\/www.asart.fr\/en\/shop\/\"},{\"@type\":\"ListItem\",\"position\":3,\"name\":\"Bracelets Ca\u00f1a Flecha, M, N&#038;B, Colombie\"}]},{\"@type\":\"WebSite\",\"@id\":\"https:\/\/www.asart.fr\/en\/#website\",\"url\":\"https:\/\/www.asart.fr\/en\/\",\"name\":\"AS&#039;ART - A sense of craft\",\"description\":\"Explorateur et cr\u00e9ateur d&#039;artisanat africain\",\"publisher\":{\"@id\":\"https:\/\/www.asart.fr\/en\/#organization\"},\"potentialAction\":[{\"@type\":\"SearchAction\",\"target\":{\"@type\":\"EntryPoint\",\"urlTemplate\":\"https:\/\/www.asart.fr\/en\/?s={search_term_string}\"},\"query-input\":{\"@type\":\"PropertyValueSpecification\",\"valueRequired\":true,\"valueName\":\"search_term_string\"}}],\"inLanguage\":\"en-US\"},{\"@type\":\"Organization\",\"@id\":\"https:\/\/www.asart.fr\/en\/#organization\",\"name\":\"AS'ART a sense of crafts\",\"url\":\"https:\/\/www.asart.fr\/en\/\",\"logo\":{\"@type\":\"ImageObject\",\"inLanguage\":\"en-US\",\"@id\":\"https:\/\/www.asart.fr\/en\/#\/schema\/logo\/image\/\",\"url\":\"https:\/\/www.asart.fr\/wp-content\/uploads\/2020\/11\/logo-1.png\",\"contentUrl\":\"https:\/\/www.asart.fr\/wp-content\/uploads\/2020\/11\/logo-1.png\",\"width\":1458,\"height\":451,\"caption\":\"AS'ART a sense of crafts\"},\"image\":{\"@id\":\"https:\/\/www.asart.fr\/en\/#\/schema\/logo\/image\/\"},\"sameAs\":[\"https:\/\/www.facebook.com\/ASART-351510218203916\/\",\"https:\/\/www.instagram.com\/asart.paris\/\",\"https:\/\/www.linkedin.com\/organization-guest\/company\/as-art-a-sense-of-crafts\"]}]}<\/script>\n<!-- \/ Yoast SEO plugin. -->","yoast_head_json":{"title":"Bracelets Ca\u00f1a Flecha, M, N&B, Colombie - AS&#039;ART - A sense of craft","description":"Ces bracelets sont en ca\u00f1a flecha (Gynerium sagittatum), une grande plante herbac\u00e9e tropicale de la famille des Poaceae, pouvant d\u00e9passer cinq m\u00e8tres de","robots":{"index":"index","follow":"follow","max-snippet":"max-snippet:-1","max-image-preview":"max-image-preview:large","max-video-preview":"max-video-preview:-1"},"canonical":"https:\/\/www.asart.fr\/en\/produit\/bracelets-cana-flecha-m-nb-colombie\/","og_locale":"en_US","og_type":"article","og_title":"Bracelets Ca\u00f1a Flecha, M, N&B, Colombie - AS&#039;ART - A sense of craft","og_description":"Ces bracelets sont en ca\u00f1a flecha (Gynerium sagittatum), une grande plante herbac\u00e9e tropicale de la famille des Poaceae, pouvant d\u00e9passer cinq m\u00e8tres de","og_url":"https:\/\/www.asart.fr\/en\/produit\/bracelets-cana-flecha-m-nb-colombie\/","og_site_name":"AS&#039;ART - A sense of craft","article_publisher":"https:\/\/www.facebook.com\/ASART-351510218203916\/","article_modified_time":"2026-04-02T13:12:44+00:00","og_image":[{"width":2560,"height":2560,"url":"https:\/\/www.asart.fr\/wp-content\/uploads\/2020\/06\/IMG_5489-scaled.jpg","type":"image\/jpeg"}],"twitter_card":"summary_large_image","twitter_misc":{"Est. reading time":"1 minute"},"schema":{"@context":"https:\/\/schema.org","@graph":[{"@type":"WebPage","@id":"https:\/\/www.asart.fr\/en\/produit\/bracelets-cana-flecha-m-nb-colombie\/","url":"https:\/\/www.asart.fr\/en\/produit\/bracelets-cana-flecha-m-nb-colombie\/","name":"Bracelets Ca\u00f1a Flecha, M, N&B, Colombie - AS&#039;ART - A sense of craft","isPartOf":{"@id":"https:\/\/www.asart.fr\/en\/#website"},"primaryImageOfPage":{"@id":"https:\/\/www.asart.fr\/en\/produit\/bracelets-cana-flecha-m-nb-colombie\/#primaryimage"},"image":{"@id":"https:\/\/www.asart.fr\/en\/produit\/bracelets-cana-flecha-m-nb-colombie\/#primaryimage"},"thumbnailUrl":"https:\/\/www.asart.fr\/wp-content\/uploads\/2020\/06\/IMG_5489-scaled.jpg","datePublished":"2020-11-06T15:32:24+00:00","dateModified":"2026-04-02T13:12:44+00:00","description":"Ces bracelets sont en ca\u00f1a flecha (Gynerium sagittatum), une grande plante herbac\u00e9e tropicale de la famille des Poaceae, pouvant d\u00e9passer cinq m\u00e8tres de","breadcrumb":{"@id":"https:\/\/www.asart.fr\/en\/produit\/bracelets-cana-flecha-m-nb-colombie\/#breadcrumb"},"inLanguage":"en-US","potentialAction":[{"@type":"ReadAction","target":["https:\/\/www.asart.fr\/en\/produit\/bracelets-cana-flecha-m-nb-colombie\/"]}]},{"@type":"ImageObject","inLanguage":"en-US","@id":"https:\/\/www.asart.fr\/en\/produit\/bracelets-cana-flecha-m-nb-colombie\/#primaryimage","url":"https:\/\/www.asart.fr\/wp-content\/uploads\/2020\/06\/IMG_5489-scaled.jpg","contentUrl":"https:\/\/www.asart.fr\/wp-content\/uploads\/2020\/06\/IMG_5489-scaled.jpg","width":2560,"height":2560},{"@type":"BreadcrumbList","@id":"https:\/\/www.asart.fr\/en\/produit\/bracelets-cana-flecha-m-nb-colombie\/#breadcrumb","itemListElement":[{"@type":"ListItem","position":1,"name":"Accueil","item":"https:\/\/www.asart.fr\/en\/"},{"@type":"ListItem","position":2,"name":"Browse all collections","item":"https:\/\/www.asart.fr\/en\/shop\/"},{"@type":"ListItem","position":3,"name":"Bracelets Ca\u00f1a Flecha, M, N&#038;B, Colombie"}]},{"@type":"WebSite","@id":"https:\/\/www.asart.fr\/en\/#website","url":"https:\/\/www.asart.fr\/en\/","name":"AS&#039;ART - A sense of craft","description":"Explorateur et cr\u00e9ateur d&#039;artisanat africain","publisher":{"@id":"https:\/\/www.asart.fr\/en\/#organization"},"potentialAction":[{"@type":"SearchAction","target":{"@type":"EntryPoint","urlTemplate":"https:\/\/www.asart.fr\/en\/?s={search_term_string}"},"query-input":{"@type":"PropertyValueSpecification","valueRequired":true,"valueName":"search_term_string"}}],"inLanguage":"en-US"},{"@type":"Organization","@id":"https:\/\/www.asart.fr\/en\/#organization","name":"AS'ART a sense of crafts","url":"https:\/\/www.asart.fr\/en\/","logo":{"@type":"ImageObject","inLanguage":"en-US","@id":"https:\/\/www.asart.fr\/en\/#\/schema\/logo\/image\/","url":"https:\/\/www.asart.fr\/wp-content\/uploads\/2020\/11\/logo-1.png","contentUrl":"https:\/\/www.asart.fr\/wp-content\/uploads\/2020\/11\/logo-1.png","width":1458,"height":451,"caption":"AS'ART a sense of crafts"},"image":{"@id":"https:\/\/www.asart.fr\/en\/#\/schema\/logo\/image\/"},"sameAs":["https:\/\/www.facebook.com\/ASART-351510218203916\/","https:\/\/www.instagram.com\/asart.paris\/","https:\/\/www.linkedin.com\/organization-guest\/company\/as-art-a-sense-of-crafts"]}]}},"_links":{"self":[{"href":"https:\/\/www.asart.fr\/en\/wp-json\/wp\/v2\/product\/12206","targetHints":{"allow":["GET"]}}],"collection":[{"href":"https:\/\/www.asart.fr\/en\/wp-json\/wp\/v2\/product"}],"about":[{"href":"https:\/\/www.asart.fr\/en\/wp-json\/wp\/v2\/types\/product"}],"wp:featuredmedia":[{"embeddable":true,"href":"https:\/\/www.asart.fr\/en\/wp-json\/wp\/v2\/media\/3646"}],"wp:attachment":[{"href":"https:\/\/www.asart.fr\/en\/wp-json\/wp\/v2\/media?parent=12206"}],"wp:term":[{"taxonomy":"product_brand","embeddable":true,"href":"https:\/\/www.asart.fr\/en\/wp-json\/wp\/v2\/product_brand?post=12206"},{"taxonomy":"product_cat","embeddable":true,"href":"https:\/\/www.asart.fr\/en\/wp-json\/wp\/v2\/product_cat?post=12206"},{"taxonomy":"product_tag","embeddable":true,"href":"https:\/\/www.asart.fr\/en\/wp-json\/wp\/v2\/product_tag?post=12206"}],"curies":[{"name":"wp","href":"https:\/\/api.w.org\/{rel}","templated":true}]}}