{"id":18734,"date":"2021-12-03T15:42:15","date_gmt":"2021-12-03T14:42:15","guid":{"rendered":"https:\/\/www.asart.fr\/?post_type=product&#038;p=18734"},"modified":"2024-01-29T11:37:15","modified_gmt":"2024-01-29T10:37:15","slug":"rhinoceros-kifaru-m-marron-grave-kenya-2","status":"publish","type":"product","link":"https:\/\/www.asart.fr\/en\/produit\/rhinoceros-kifaru-m-marron-grave-kenya-2\/","title":{"rendered":"Girafe, M, bleu grav\u00e9, Kenya"},"content":{"rendered":"<p>Girafe, r\u00e9alis\u00e9 \u00e0 la main au Kenya.<\/p>\n<p>Mat\u00e9riau \u2013 Pierre de Kisii<br \/>\nDimensions approx. :<br \/>\nL 10 cm<br \/>\nl 4 cm<br \/>\nH 20 cm<\/p>\n<p>Pour en savoir plus sur la pierre de Kisii et son entretien, cliquez<strong> <a href=\"https:\/\/www.asart.fr\/la-pierre-de-kisii-du-kenya\/\">ici<\/a>.<br \/>\n<\/strong><\/p>\n<p>Nos produits sont issus de l\u2019artisanat, il se peut que les produits exp\u00e9di\u00e9s diff\u00e8rent l\u00e9g\u00e8rement de la photo.<\/p>\n","protected":false},"excerpt":{"rendered":"<p>Girafe, r\u00e9alis\u00e9 \u00e0 la main au Kenya. Mat\u00e9riau \u2013 Pierre de Kisii Dimensions approx. : L 10 cm l 4 cm H 20 cm Pour en savoir plus sur la pierre de Kisii et son entretien, cliquez ici. Nos produits sont issus de l\u2019artisanat, il se peut que les produits exp\u00e9di\u00e9s diff\u00e8rent l\u00e9g\u00e8rement de la [&hellip;]<\/p>\n","protected":false},"featured_media":18692,"template":"","meta":[],"product_brand":[],"product_cat":[1278],"product_tag":[],"class_list":{"0":"post-18734","1":"product","2":"type-product","3":"status-publish","4":"has-post-thumbnail","6":"product_cat-animaux-en-pierre","7":"pa_pays-kenya","9":"first","10":"outofstock","11":"taxable","12":"shipping-taxable","13":"purchasable","14":"product-type-simple"},"yoast_head":"<!-- This site is optimized with the Yoast SEO plugin v26.9 - https:\/\/yoast.com\/product\/yoast-seo-wordpress\/ -->\n<title>Girafe, M, bleu grav\u00e9, Kenya - AS&#039;ART - A sense of craft<\/title>\n<meta name=\"description\" content=\"Girafe, r\u00e9alis\u00e9 \u00e0 la main au Kenya. Mat\u00e9riau \u2013 Pierre de Kisii Dimensions approx. : L 10 cm l 4 cm H 20 cm Pour en savoir plus sur la pierre de Kisii et\" \/>\n<meta name=\"robots\" content=\"index, follow, max-snippet:-1, max-image-preview:large, max-video-preview:-1\" \/>\n<link rel=\"canonical\" href=\"https:\/\/www.asart.fr\/en\/produit\/rhinoceros-kifaru-m-marron-grave-kenya-2\/\" \/>\n<meta property=\"og:locale\" content=\"en_US\" \/>\n<meta property=\"og:type\" content=\"article\" \/>\n<meta property=\"og:title\" content=\"Girafe, M, bleu grav\u00e9, Kenya - AS&#039;ART - A sense of craft\" \/>\n<meta property=\"og:description\" content=\"Girafe, r\u00e9alis\u00e9 \u00e0 la main au Kenya. Mat\u00e9riau \u2013 Pierre de Kisii Dimensions approx. : L 10 cm l 4 cm H 20 cm Pour en savoir plus sur la pierre de Kisii et\" \/>\n<meta property=\"og:url\" content=\"https:\/\/www.asart.fr\/en\/produit\/rhinoceros-kifaru-m-marron-grave-kenya-2\/\" \/>\n<meta property=\"og:site_name\" content=\"AS&#039;ART - A sense of craft\" \/>\n<meta property=\"article:publisher\" content=\"https:\/\/www.facebook.com\/ASART-351510218203916\/\" \/>\n<meta property=\"article:modified_time\" content=\"2024-01-29T10:37:15+00:00\" \/>\n<meta property=\"og:image\" content=\"https:\/\/www.asart.fr\/wp-content\/uploads\/2021\/12\/girafe-pierre-a-savon-bleu-feuilles-kenya-asart.jpg\" \/>\n\t<meta property=\"og:image:width\" content=\"1500\" \/>\n\t<meta property=\"og:image:height\" content=\"1500\" \/>\n\t<meta property=\"og:image:type\" content=\"image\/jpeg\" \/>\n<meta name=\"twitter:card\" content=\"summary_large_image\" \/>\n<meta name=\"twitter:label1\" content=\"Est. reading time\" \/>\n\t<meta name=\"twitter:data1\" content=\"1 minute\" \/>\n<script type=\"application\/ld+json\" class=\"yoast-schema-graph\">{\"@context\":\"https:\/\/schema.org\",\"@graph\":[{\"@type\":\"WebPage\",\"@id\":\"https:\/\/www.asart.fr\/en\/produit\/rhinoceros-kifaru-m-marron-grave-kenya-2\/\",\"url\":\"https:\/\/www.asart.fr\/en\/produit\/rhinoceros-kifaru-m-marron-grave-kenya-2\/\",\"name\":\"Girafe, M, bleu grav\u00e9, Kenya - AS&#039;ART - A sense of craft\",\"isPartOf\":{\"@id\":\"https:\/\/www.asart.fr\/en\/#website\"},\"primaryImageOfPage\":{\"@id\":\"https:\/\/www.asart.fr\/en\/produit\/rhinoceros-kifaru-m-marron-grave-kenya-2\/#primaryimage\"},\"image\":{\"@id\":\"https:\/\/www.asart.fr\/en\/produit\/rhinoceros-kifaru-m-marron-grave-kenya-2\/#primaryimage\"},\"thumbnailUrl\":\"https:\/\/www.asart.fr\/wp-content\/uploads\/2021\/12\/girafe-pierre-a-savon-bleu-feuilles-kenya-asart.jpg\",\"datePublished\":\"2021-12-03T14:42:15+00:00\",\"dateModified\":\"2024-01-29T10:37:15+00:00\",\"description\":\"Girafe, r\u00e9alis\u00e9 \u00e0 la main au Kenya. Mat\u00e9riau \u2013 Pierre de Kisii Dimensions approx. : L 10 cm l 4 cm H 20 cm Pour en savoir plus sur la pierre de Kisii et\",\"breadcrumb\":{\"@id\":\"https:\/\/www.asart.fr\/en\/produit\/rhinoceros-kifaru-m-marron-grave-kenya-2\/#breadcrumb\"},\"inLanguage\":\"en-US\",\"potentialAction\":[{\"@type\":\"ReadAction\",\"target\":[\"https:\/\/www.asart.fr\/en\/produit\/rhinoceros-kifaru-m-marron-grave-kenya-2\/\"]}]},{\"@type\":\"ImageObject\",\"inLanguage\":\"en-US\",\"@id\":\"https:\/\/www.asart.fr\/en\/produit\/rhinoceros-kifaru-m-marron-grave-kenya-2\/#primaryimage\",\"url\":\"https:\/\/www.asart.fr\/wp-content\/uploads\/2021\/12\/girafe-pierre-a-savon-bleu-feuilles-kenya-asart.jpg\",\"contentUrl\":\"https:\/\/www.asart.fr\/wp-content\/uploads\/2021\/12\/girafe-pierre-a-savon-bleu-feuilles-kenya-asart.jpg\",\"width\":1500,\"height\":1500,\"caption\":\"girafe en pierre \u00e0 savon, bleu grav\u00e9 feuille, Kenya, ASART\"},{\"@type\":\"BreadcrumbList\",\"@id\":\"https:\/\/www.asart.fr\/en\/produit\/rhinoceros-kifaru-m-marron-grave-kenya-2\/#breadcrumb\",\"itemListElement\":[{\"@type\":\"ListItem\",\"position\":1,\"name\":\"Accueil\",\"item\":\"https:\/\/www.asart.fr\/en\/\"},{\"@type\":\"ListItem\",\"position\":2,\"name\":\"Browse all collections\",\"item\":\"https:\/\/www.asart.fr\/en\/shop\/\"},{\"@type\":\"ListItem\",\"position\":3,\"name\":\"Girafe, M, bleu grav\u00e9, Kenya\"}]},{\"@type\":\"WebSite\",\"@id\":\"https:\/\/www.asart.fr\/en\/#website\",\"url\":\"https:\/\/www.asart.fr\/en\/\",\"name\":\"AS&#039;ART - A sense of craft\",\"description\":\"Explorateur et cr\u00e9ateur d&#039;artisanat africain\",\"publisher\":{\"@id\":\"https:\/\/www.asart.fr\/en\/#organization\"},\"potentialAction\":[{\"@type\":\"SearchAction\",\"target\":{\"@type\":\"EntryPoint\",\"urlTemplate\":\"https:\/\/www.asart.fr\/en\/?s={search_term_string}\"},\"query-input\":{\"@type\":\"PropertyValueSpecification\",\"valueRequired\":true,\"valueName\":\"search_term_string\"}}],\"inLanguage\":\"en-US\"},{\"@type\":\"Organization\",\"@id\":\"https:\/\/www.asart.fr\/en\/#organization\",\"name\":\"AS'ART a sense of crafts\",\"url\":\"https:\/\/www.asart.fr\/en\/\",\"logo\":{\"@type\":\"ImageObject\",\"inLanguage\":\"en-US\",\"@id\":\"https:\/\/www.asart.fr\/en\/#\/schema\/logo\/image\/\",\"url\":\"https:\/\/www.asart.fr\/wp-content\/uploads\/2020\/11\/logo-1.png\",\"contentUrl\":\"https:\/\/www.asart.fr\/wp-content\/uploads\/2020\/11\/logo-1.png\",\"width\":1458,\"height\":451,\"caption\":\"AS'ART a sense of crafts\"},\"image\":{\"@id\":\"https:\/\/www.asart.fr\/en\/#\/schema\/logo\/image\/\"},\"sameAs\":[\"https:\/\/www.facebook.com\/ASART-351510218203916\/\",\"https:\/\/www.instagram.com\/asart.paris\/\",\"https:\/\/www.linkedin.com\/organization-guest\/company\/as-art-a-sense-of-crafts\"]}]}<\/script>\n<!-- \/ Yoast SEO plugin. -->","yoast_head_json":{"title":"Girafe, M, bleu grav\u00e9, Kenya - AS&#039;ART - A sense of craft","description":"Girafe, r\u00e9alis\u00e9 \u00e0 la main au Kenya. Mat\u00e9riau \u2013 Pierre de Kisii Dimensions approx. : L 10 cm l 4 cm H 20 cm Pour en savoir plus sur la pierre de Kisii et","robots":{"index":"index","follow":"follow","max-snippet":"max-snippet:-1","max-image-preview":"max-image-preview:large","max-video-preview":"max-video-preview:-1"},"canonical":"https:\/\/www.asart.fr\/en\/produit\/rhinoceros-kifaru-m-marron-grave-kenya-2\/","og_locale":"en_US","og_type":"article","og_title":"Girafe, M, bleu grav\u00e9, Kenya - AS&#039;ART - A sense of craft","og_description":"Girafe, r\u00e9alis\u00e9 \u00e0 la main au Kenya. Mat\u00e9riau \u2013 Pierre de Kisii Dimensions approx. : L 10 cm l 4 cm H 20 cm Pour en savoir plus sur la pierre de Kisii et","og_url":"https:\/\/www.asart.fr\/en\/produit\/rhinoceros-kifaru-m-marron-grave-kenya-2\/","og_site_name":"AS&#039;ART - A sense of craft","article_publisher":"https:\/\/www.facebook.com\/ASART-351510218203916\/","article_modified_time":"2024-01-29T10:37:15+00:00","og_image":[{"width":1500,"height":1500,"url":"https:\/\/www.asart.fr\/wp-content\/uploads\/2021\/12\/girafe-pierre-a-savon-bleu-feuilles-kenya-asart.jpg","type":"image\/jpeg"}],"twitter_card":"summary_large_image","twitter_misc":{"Est. reading time":"1 minute"},"schema":{"@context":"https:\/\/schema.org","@graph":[{"@type":"WebPage","@id":"https:\/\/www.asart.fr\/en\/produit\/rhinoceros-kifaru-m-marron-grave-kenya-2\/","url":"https:\/\/www.asart.fr\/en\/produit\/rhinoceros-kifaru-m-marron-grave-kenya-2\/","name":"Girafe, M, bleu grav\u00e9, Kenya - AS&#039;ART - A sense of craft","isPartOf":{"@id":"https:\/\/www.asart.fr\/en\/#website"},"primaryImageOfPage":{"@id":"https:\/\/www.asart.fr\/en\/produit\/rhinoceros-kifaru-m-marron-grave-kenya-2\/#primaryimage"},"image":{"@id":"https:\/\/www.asart.fr\/en\/produit\/rhinoceros-kifaru-m-marron-grave-kenya-2\/#primaryimage"},"thumbnailUrl":"https:\/\/www.asart.fr\/wp-content\/uploads\/2021\/12\/girafe-pierre-a-savon-bleu-feuilles-kenya-asart.jpg","datePublished":"2021-12-03T14:42:15+00:00","dateModified":"2024-01-29T10:37:15+00:00","description":"Girafe, r\u00e9alis\u00e9 \u00e0 la main au Kenya. Mat\u00e9riau \u2013 Pierre de Kisii Dimensions approx. : L 10 cm l 4 cm H 20 cm Pour en savoir plus sur la pierre de Kisii et","breadcrumb":{"@id":"https:\/\/www.asart.fr\/en\/produit\/rhinoceros-kifaru-m-marron-grave-kenya-2\/#breadcrumb"},"inLanguage":"en-US","potentialAction":[{"@type":"ReadAction","target":["https:\/\/www.asart.fr\/en\/produit\/rhinoceros-kifaru-m-marron-grave-kenya-2\/"]}]},{"@type":"ImageObject","inLanguage":"en-US","@id":"https:\/\/www.asart.fr\/en\/produit\/rhinoceros-kifaru-m-marron-grave-kenya-2\/#primaryimage","url":"https:\/\/www.asart.fr\/wp-content\/uploads\/2021\/12\/girafe-pierre-a-savon-bleu-feuilles-kenya-asart.jpg","contentUrl":"https:\/\/www.asart.fr\/wp-content\/uploads\/2021\/12\/girafe-pierre-a-savon-bleu-feuilles-kenya-asart.jpg","width":1500,"height":1500,"caption":"girafe en pierre \u00e0 savon, bleu grav\u00e9 feuille, Kenya, ASART"},{"@type":"BreadcrumbList","@id":"https:\/\/www.asart.fr\/en\/produit\/rhinoceros-kifaru-m-marron-grave-kenya-2\/#breadcrumb","itemListElement":[{"@type":"ListItem","position":1,"name":"Accueil","item":"https:\/\/www.asart.fr\/en\/"},{"@type":"ListItem","position":2,"name":"Browse all collections","item":"https:\/\/www.asart.fr\/en\/shop\/"},{"@type":"ListItem","position":3,"name":"Girafe, M, bleu grav\u00e9, Kenya"}]},{"@type":"WebSite","@id":"https:\/\/www.asart.fr\/en\/#website","url":"https:\/\/www.asart.fr\/en\/","name":"AS&#039;ART - A sense of craft","description":"Explorateur et cr\u00e9ateur d&#039;artisanat africain","publisher":{"@id":"https:\/\/www.asart.fr\/en\/#organization"},"potentialAction":[{"@type":"SearchAction","target":{"@type":"EntryPoint","urlTemplate":"https:\/\/www.asart.fr\/en\/?s={search_term_string}"},"query-input":{"@type":"PropertyValueSpecification","valueRequired":true,"valueName":"search_term_string"}}],"inLanguage":"en-US"},{"@type":"Organization","@id":"https:\/\/www.asart.fr\/en\/#organization","name":"AS'ART a sense of crafts","url":"https:\/\/www.asart.fr\/en\/","logo":{"@type":"ImageObject","inLanguage":"en-US","@id":"https:\/\/www.asart.fr\/en\/#\/schema\/logo\/image\/","url":"https:\/\/www.asart.fr\/wp-content\/uploads\/2020\/11\/logo-1.png","contentUrl":"https:\/\/www.asart.fr\/wp-content\/uploads\/2020\/11\/logo-1.png","width":1458,"height":451,"caption":"AS'ART a sense of crafts"},"image":{"@id":"https:\/\/www.asart.fr\/en\/#\/schema\/logo\/image\/"},"sameAs":["https:\/\/www.facebook.com\/ASART-351510218203916\/","https:\/\/www.instagram.com\/asart.paris\/","https:\/\/www.linkedin.com\/organization-guest\/company\/as-art-a-sense-of-crafts"]}]}},"_links":{"self":[{"href":"https:\/\/www.asart.fr\/en\/wp-json\/wp\/v2\/product\/18734","targetHints":{"allow":["GET"]}}],"collection":[{"href":"https:\/\/www.asart.fr\/en\/wp-json\/wp\/v2\/product"}],"about":[{"href":"https:\/\/www.asart.fr\/en\/wp-json\/wp\/v2\/types\/product"}],"wp:featuredmedia":[{"embeddable":true,"href":"https:\/\/www.asart.fr\/en\/wp-json\/wp\/v2\/media\/18692"}],"wp:attachment":[{"href":"https:\/\/www.asart.fr\/en\/wp-json\/wp\/v2\/media?parent=18734"}],"wp:term":[{"taxonomy":"product_brand","embeddable":true,"href":"https:\/\/www.asart.fr\/en\/wp-json\/wp\/v2\/product_brand?post=18734"},{"taxonomy":"product_cat","embeddable":true,"href":"https:\/\/www.asart.fr\/en\/wp-json\/wp\/v2\/product_cat?post=18734"},{"taxonomy":"product_tag","embeddable":true,"href":"https:\/\/www.asart.fr\/en\/wp-json\/wp\/v2\/product_tag?post=18734"}],"curies":[{"name":"wp","href":"https:\/\/api.w.org\/{rel}","templated":true}]}}