{"id":18766,"date":"2021-12-03T16:24:37","date_gmt":"2021-12-03T15:24:37","guid":{"rendered":"https:\/\/www.asart.fr\/?post_type=product&#038;p=18766"},"modified":"2024-01-29T11:37:24","modified_gmt":"2024-01-29T10:37:24","slug":"girafe-l-bleu-kenya","status":"publish","type":"product","link":"https:\/\/www.asart.fr\/en\/produit\/girafe-l-bleu-kenya\/","title":{"rendered":"Girafe, L, bleu, Kenya"},"content":{"rendered":"<p>Girafe, r\u00e9alis\u00e9 \u00e0 la main au Kenya.<\/p>\n<p>Mat\u00e9riau \u2013 Pierre de Kisii<br \/>\nDimensions approx. :<br \/>\nL 10 cm<br \/>\nl 6 cm<br \/>\nH 23 cm<\/p>\n<p>Pour en savoir plus sur la pierre de Kisii et son entretien, cliquez<strong> <a href=\"https:\/\/www.asart.fr\/la-pierre-de-kisii-du-kenya\/\">ici<\/a>.<br \/>\n<\/strong><\/p>\n<p>Nos produits sont issus de l\u2019artisanat, il se peut que les produits exp\u00e9di\u00e9s diff\u00e8rent l\u00e9g\u00e8rement de la photo. Les imperfections peuvent r\u00e9sulter des caract\u00e9ristiques naturelles de la pierre elle-m\u00eame, telles que des variations de couleur, des textures ou m\u00eame des petites fissures. Cependant, ces nuances sont tout \u00e0 fait normales et t\u00e9moignent du travail artisanal authentique et de la nature organique des mat\u00e9riaux utilis\u00e9s.<\/p>\n","protected":false},"excerpt":{"rendered":"<p>Girafe, r\u00e9alis\u00e9 \u00e0 la main au Kenya. Mat\u00e9riau \u2013 Pierre de Kisii Dimensions approx. : L 10 cm l 6 cm H 23 cm Pour en savoir plus sur la pierre de Kisii et son entretien, cliquez ici. Nos produits sont issus de l\u2019artisanat, il se peut que les produits exp\u00e9di\u00e9s diff\u00e8rent l\u00e9g\u00e8rement de la [&hellip;]<\/p>\n","protected":false},"featured_media":22138,"template":"","meta":[],"product_brand":[],"product_cat":[1278],"product_tag":[],"class_list":{"0":"post-18766","1":"product","2":"type-product","3":"status-publish","4":"has-post-thumbnail","6":"product_cat-animaux-en-pierre","7":"pa_pays-kenya","9":"first","10":"outofstock","11":"taxable","12":"shipping-taxable","13":"purchasable","14":"product-type-simple"},"yoast_head":"<!-- This site is optimized with the Yoast SEO plugin v26.9 - https:\/\/yoast.com\/product\/yoast-seo-wordpress\/ -->\n<title>Girafe, L, bleu, Kenya - AS&#039;ART - A sense of craft<\/title>\n<meta name=\"description\" content=\"Girafe, r\u00e9alis\u00e9 \u00e0 la main au Kenya. Mat\u00e9riau \u2013 Pierre de Kisii Dimensions approx. : L 10 cm l 6 cm H 23 cm Pour en savoir plus sur la pierre de Kisii et\" \/>\n<meta name=\"robots\" content=\"index, follow, max-snippet:-1, max-image-preview:large, max-video-preview:-1\" \/>\n<link rel=\"canonical\" href=\"https:\/\/www.asart.fr\/en\/produit\/girafe-l-bleu-kenya\/\" \/>\n<meta property=\"og:locale\" content=\"en_US\" \/>\n<meta property=\"og:type\" content=\"article\" \/>\n<meta property=\"og:title\" content=\"Girafe, L, bleu, Kenya - AS&#039;ART - A sense of craft\" \/>\n<meta property=\"og:description\" content=\"Girafe, r\u00e9alis\u00e9 \u00e0 la main au Kenya. Mat\u00e9riau \u2013 Pierre de Kisii Dimensions approx. : L 10 cm l 6 cm H 23 cm Pour en savoir plus sur la pierre de Kisii et\" \/>\n<meta property=\"og:url\" content=\"https:\/\/www.asart.fr\/en\/produit\/girafe-l-bleu-kenya\/\" \/>\n<meta property=\"og:site_name\" content=\"AS&#039;ART - A sense of craft\" \/>\n<meta property=\"article:publisher\" content=\"https:\/\/www.facebook.com\/ASART-351510218203916\/\" \/>\n<meta property=\"article:modified_time\" content=\"2024-01-29T10:37:24+00:00\" \/>\n<meta property=\"og:image\" content=\"https:\/\/www.asart.fr\/wp-content\/uploads\/2021\/12\/DSCF1481-1.jpg\" \/>\n\t<meta property=\"og:image:width\" content=\"1500\" \/>\n\t<meta property=\"og:image:height\" content=\"1500\" \/>\n\t<meta property=\"og:image:type\" content=\"image\/jpeg\" \/>\n<meta name=\"twitter:card\" content=\"summary_large_image\" \/>\n<meta name=\"twitter:label1\" content=\"Est. reading time\" \/>\n\t<meta name=\"twitter:data1\" content=\"1 minute\" \/>\n<script type=\"application\/ld+json\" class=\"yoast-schema-graph\">{\"@context\":\"https:\/\/schema.org\",\"@graph\":[{\"@type\":\"WebPage\",\"@id\":\"https:\/\/www.asart.fr\/en\/produit\/girafe-l-bleu-kenya\/\",\"url\":\"https:\/\/www.asart.fr\/en\/produit\/girafe-l-bleu-kenya\/\",\"name\":\"Girafe, L, bleu, Kenya - AS&#039;ART - A sense of craft\",\"isPartOf\":{\"@id\":\"https:\/\/www.asart.fr\/en\/#website\"},\"primaryImageOfPage\":{\"@id\":\"https:\/\/www.asart.fr\/en\/produit\/girafe-l-bleu-kenya\/#primaryimage\"},\"image\":{\"@id\":\"https:\/\/www.asart.fr\/en\/produit\/girafe-l-bleu-kenya\/#primaryimage\"},\"thumbnailUrl\":\"https:\/\/www.asart.fr\/wp-content\/uploads\/2021\/12\/DSCF1481-1.jpg\",\"datePublished\":\"2021-12-03T15:24:37+00:00\",\"dateModified\":\"2024-01-29T10:37:24+00:00\",\"description\":\"Girafe, r\u00e9alis\u00e9 \u00e0 la main au Kenya. Mat\u00e9riau \u2013 Pierre de Kisii Dimensions approx. : L 10 cm l 6 cm H 23 cm Pour en savoir plus sur la pierre de Kisii et\",\"breadcrumb\":{\"@id\":\"https:\/\/www.asart.fr\/en\/produit\/girafe-l-bleu-kenya\/#breadcrumb\"},\"inLanguage\":\"en-US\",\"potentialAction\":[{\"@type\":\"ReadAction\",\"target\":[\"https:\/\/www.asart.fr\/en\/produit\/girafe-l-bleu-kenya\/\"]}]},{\"@type\":\"ImageObject\",\"inLanguage\":\"en-US\",\"@id\":\"https:\/\/www.asart.fr\/en\/produit\/girafe-l-bleu-kenya\/#primaryimage\",\"url\":\"https:\/\/www.asart.fr\/wp-content\/uploads\/2021\/12\/DSCF1481-1.jpg\",\"contentUrl\":\"https:\/\/www.asart.fr\/wp-content\/uploads\/2021\/12\/DSCF1481-1.jpg\",\"width\":1500,\"height\":1500},{\"@type\":\"BreadcrumbList\",\"@id\":\"https:\/\/www.asart.fr\/en\/produit\/girafe-l-bleu-kenya\/#breadcrumb\",\"itemListElement\":[{\"@type\":\"ListItem\",\"position\":1,\"name\":\"Accueil\",\"item\":\"https:\/\/www.asart.fr\/en\/\"},{\"@type\":\"ListItem\",\"position\":2,\"name\":\"Browse all collections\",\"item\":\"https:\/\/www.asart.fr\/en\/shop\/\"},{\"@type\":\"ListItem\",\"position\":3,\"name\":\"Girafe, L, bleu, Kenya\"}]},{\"@type\":\"WebSite\",\"@id\":\"https:\/\/www.asart.fr\/en\/#website\",\"url\":\"https:\/\/www.asart.fr\/en\/\",\"name\":\"AS&#039;ART - A sense of craft\",\"description\":\"Explorateur et cr\u00e9ateur d&#039;artisanat africain\",\"publisher\":{\"@id\":\"https:\/\/www.asart.fr\/en\/#organization\"},\"potentialAction\":[{\"@type\":\"SearchAction\",\"target\":{\"@type\":\"EntryPoint\",\"urlTemplate\":\"https:\/\/www.asart.fr\/en\/?s={search_term_string}\"},\"query-input\":{\"@type\":\"PropertyValueSpecification\",\"valueRequired\":true,\"valueName\":\"search_term_string\"}}],\"inLanguage\":\"en-US\"},{\"@type\":\"Organization\",\"@id\":\"https:\/\/www.asart.fr\/en\/#organization\",\"name\":\"AS'ART a sense of crafts\",\"url\":\"https:\/\/www.asart.fr\/en\/\",\"logo\":{\"@type\":\"ImageObject\",\"inLanguage\":\"en-US\",\"@id\":\"https:\/\/www.asart.fr\/en\/#\/schema\/logo\/image\/\",\"url\":\"https:\/\/www.asart.fr\/wp-content\/uploads\/2020\/11\/logo-1.png\",\"contentUrl\":\"https:\/\/www.asart.fr\/wp-content\/uploads\/2020\/11\/logo-1.png\",\"width\":1458,\"height\":451,\"caption\":\"AS'ART a sense of crafts\"},\"image\":{\"@id\":\"https:\/\/www.asart.fr\/en\/#\/schema\/logo\/image\/\"},\"sameAs\":[\"https:\/\/www.facebook.com\/ASART-351510218203916\/\",\"https:\/\/www.instagram.com\/asart.paris\/\",\"https:\/\/www.linkedin.com\/organization-guest\/company\/as-art-a-sense-of-crafts\"]}]}<\/script>\n<!-- \/ Yoast SEO plugin. -->","yoast_head_json":{"title":"Girafe, L, bleu, Kenya - AS&#039;ART - A sense of craft","description":"Girafe, r\u00e9alis\u00e9 \u00e0 la main au Kenya. Mat\u00e9riau \u2013 Pierre de Kisii Dimensions approx. : L 10 cm l 6 cm H 23 cm Pour en savoir plus sur la pierre de Kisii et","robots":{"index":"index","follow":"follow","max-snippet":"max-snippet:-1","max-image-preview":"max-image-preview:large","max-video-preview":"max-video-preview:-1"},"canonical":"https:\/\/www.asart.fr\/en\/produit\/girafe-l-bleu-kenya\/","og_locale":"en_US","og_type":"article","og_title":"Girafe, L, bleu, Kenya - AS&#039;ART - A sense of craft","og_description":"Girafe, r\u00e9alis\u00e9 \u00e0 la main au Kenya. Mat\u00e9riau \u2013 Pierre de Kisii Dimensions approx. : L 10 cm l 6 cm H 23 cm Pour en savoir plus sur la pierre de Kisii et","og_url":"https:\/\/www.asart.fr\/en\/produit\/girafe-l-bleu-kenya\/","og_site_name":"AS&#039;ART - A sense of craft","article_publisher":"https:\/\/www.facebook.com\/ASART-351510218203916\/","article_modified_time":"2024-01-29T10:37:24+00:00","og_image":[{"width":1500,"height":1500,"url":"https:\/\/www.asart.fr\/wp-content\/uploads\/2021\/12\/DSCF1481-1.jpg","type":"image\/jpeg"}],"twitter_card":"summary_large_image","twitter_misc":{"Est. reading time":"1 minute"},"schema":{"@context":"https:\/\/schema.org","@graph":[{"@type":"WebPage","@id":"https:\/\/www.asart.fr\/en\/produit\/girafe-l-bleu-kenya\/","url":"https:\/\/www.asart.fr\/en\/produit\/girafe-l-bleu-kenya\/","name":"Girafe, L, bleu, Kenya - AS&#039;ART - A sense of craft","isPartOf":{"@id":"https:\/\/www.asart.fr\/en\/#website"},"primaryImageOfPage":{"@id":"https:\/\/www.asart.fr\/en\/produit\/girafe-l-bleu-kenya\/#primaryimage"},"image":{"@id":"https:\/\/www.asart.fr\/en\/produit\/girafe-l-bleu-kenya\/#primaryimage"},"thumbnailUrl":"https:\/\/www.asart.fr\/wp-content\/uploads\/2021\/12\/DSCF1481-1.jpg","datePublished":"2021-12-03T15:24:37+00:00","dateModified":"2024-01-29T10:37:24+00:00","description":"Girafe, r\u00e9alis\u00e9 \u00e0 la main au Kenya. Mat\u00e9riau \u2013 Pierre de Kisii Dimensions approx. : L 10 cm l 6 cm H 23 cm Pour en savoir plus sur la pierre de Kisii et","breadcrumb":{"@id":"https:\/\/www.asart.fr\/en\/produit\/girafe-l-bleu-kenya\/#breadcrumb"},"inLanguage":"en-US","potentialAction":[{"@type":"ReadAction","target":["https:\/\/www.asart.fr\/en\/produit\/girafe-l-bleu-kenya\/"]}]},{"@type":"ImageObject","inLanguage":"en-US","@id":"https:\/\/www.asart.fr\/en\/produit\/girafe-l-bleu-kenya\/#primaryimage","url":"https:\/\/www.asart.fr\/wp-content\/uploads\/2021\/12\/DSCF1481-1.jpg","contentUrl":"https:\/\/www.asart.fr\/wp-content\/uploads\/2021\/12\/DSCF1481-1.jpg","width":1500,"height":1500},{"@type":"BreadcrumbList","@id":"https:\/\/www.asart.fr\/en\/produit\/girafe-l-bleu-kenya\/#breadcrumb","itemListElement":[{"@type":"ListItem","position":1,"name":"Accueil","item":"https:\/\/www.asart.fr\/en\/"},{"@type":"ListItem","position":2,"name":"Browse all collections","item":"https:\/\/www.asart.fr\/en\/shop\/"},{"@type":"ListItem","position":3,"name":"Girafe, L, bleu, Kenya"}]},{"@type":"WebSite","@id":"https:\/\/www.asart.fr\/en\/#website","url":"https:\/\/www.asart.fr\/en\/","name":"AS&#039;ART - A sense of craft","description":"Explorateur et cr\u00e9ateur d&#039;artisanat africain","publisher":{"@id":"https:\/\/www.asart.fr\/en\/#organization"},"potentialAction":[{"@type":"SearchAction","target":{"@type":"EntryPoint","urlTemplate":"https:\/\/www.asart.fr\/en\/?s={search_term_string}"},"query-input":{"@type":"PropertyValueSpecification","valueRequired":true,"valueName":"search_term_string"}}],"inLanguage":"en-US"},{"@type":"Organization","@id":"https:\/\/www.asart.fr\/en\/#organization","name":"AS'ART a sense of crafts","url":"https:\/\/www.asart.fr\/en\/","logo":{"@type":"ImageObject","inLanguage":"en-US","@id":"https:\/\/www.asart.fr\/en\/#\/schema\/logo\/image\/","url":"https:\/\/www.asart.fr\/wp-content\/uploads\/2020\/11\/logo-1.png","contentUrl":"https:\/\/www.asart.fr\/wp-content\/uploads\/2020\/11\/logo-1.png","width":1458,"height":451,"caption":"AS'ART a sense of crafts"},"image":{"@id":"https:\/\/www.asart.fr\/en\/#\/schema\/logo\/image\/"},"sameAs":["https:\/\/www.facebook.com\/ASART-351510218203916\/","https:\/\/www.instagram.com\/asart.paris\/","https:\/\/www.linkedin.com\/organization-guest\/company\/as-art-a-sense-of-crafts"]}]}},"_links":{"self":[{"href":"https:\/\/www.asart.fr\/en\/wp-json\/wp\/v2\/product\/18766","targetHints":{"allow":["GET"]}}],"collection":[{"href":"https:\/\/www.asart.fr\/en\/wp-json\/wp\/v2\/product"}],"about":[{"href":"https:\/\/www.asart.fr\/en\/wp-json\/wp\/v2\/types\/product"}],"wp:featuredmedia":[{"embeddable":true,"href":"https:\/\/www.asart.fr\/en\/wp-json\/wp\/v2\/media\/22138"}],"wp:attachment":[{"href":"https:\/\/www.asart.fr\/en\/wp-json\/wp\/v2\/media?parent=18766"}],"wp:term":[{"taxonomy":"product_brand","embeddable":true,"href":"https:\/\/www.asart.fr\/en\/wp-json\/wp\/v2\/product_brand?post=18766"},{"taxonomy":"product_cat","embeddable":true,"href":"https:\/\/www.asart.fr\/en\/wp-json\/wp\/v2\/product_cat?post=18766"},{"taxonomy":"product_tag","embeddable":true,"href":"https:\/\/www.asart.fr\/en\/wp-json\/wp\/v2\/product_tag?post=18766"}],"curies":[{"name":"wp","href":"https:\/\/api.w.org\/{rel}","templated":true}]}}