{"id":7871,"date":"2020-06-16T11:30:09","date_gmt":"2020-08-19T15:21:39","guid":{"rendered":"http:\/\/dev.asart.fr\/?post_type=product&#038;p=7871"},"modified":"2023-11-22T10:30:07","modified_gmt":"2023-11-22T09:30:07","slug":"fishtrap-basket-zambia","status":"publish","type":"product","link":"https:\/\/www.asart.fr\/en\/product\/fishtrap-basket-zambia\/","title":{"rendered":"Fishtrap basket, Zambia"},"content":{"rendered":"<p>This natural straw basket takes inspiration from fish traps and is crafted by the people of Lesotho in South Africa.<\/p>\n<p>Ideal for organizing your everyday items, this basket features a flat base and a slightly flared shape, making it a practical accessory for storing blankets, newspapers, toys, and much more.<\/p>\n<p>The most prevalent traditional craft in Lesotho involves working with herbs. Thanks to the abundance of diverse herbs in the mountain highlands, artisans always have access to raw materials. Basotho women across the country showcase great talent in the art of basket weaving. These baskets, crafted from sturdy local herbs, are carefully woven and secured with fine cotton twine.<\/p>\n<ul>\n<li>Material \u2013 Straw<\/li>\n<li>Approximate dimensions: \u00d8 48 cm x H 27 cm<\/li>\n<\/ul>\n<p><em>\u00a0Our products are handmade, products shipped may differ slightly from the photo.<\/em><\/p>\n","protected":false},"excerpt":{"rendered":"<p>Material \u2013 Straw<br \/>\nApproximate dimensions: \u00d8 48 cm x H 27 cm<\/p>\n","protected":false},"featured_media":22351,"template":"","meta":[],"product_brand":[],"product_cat":[2654,2633,2642,240],"product_tag":[],"class_list":{"0":"post-7871","1":"product","2":"type-product","3":"status-publish","4":"has-post-thumbnail","6":"product_cat-fish-traps","7":"product_cat-natural-fibre-baskets","8":"product_cat-traditional-baskets","9":"product_cat-storage-baskets","11":"first","12":"instock","13":"sale","14":"taxable","15":"shipping-taxable","16":"purchasable","17":"product-type-simple"},"yoast_head":"<!-- This site is optimized with the Yoast SEO plugin v26.9 - https:\/\/yoast.com\/product\/yoast-seo-wordpress\/ -->\n<title>Fishtrap basket, Zambia - AS&#039;ART - A sense of craft<\/title>\n<meta name=\"description\" content=\"Material \u2013 Straw Approximate dimensions: \u00d8 48 cm x H 27 cm\" \/>\n<meta name=\"robots\" content=\"index, follow, max-snippet:-1, max-image-preview:large, max-video-preview:-1\" \/>\n<link rel=\"canonical\" href=\"https:\/\/www.asart.fr\/en\/product\/fishtrap-basket-zambia\/\" \/>\n<meta property=\"og:locale\" content=\"en_US\" \/>\n<meta property=\"og:type\" content=\"article\" \/>\n<meta property=\"og:title\" content=\"Fishtrap basket, Zambia - AS&#039;ART - A sense of craft\" \/>\n<meta property=\"og:description\" content=\"Material \u2013 Straw Approximate dimensions: \u00d8 48 cm x H 27 cm\" \/>\n<meta property=\"og:url\" content=\"https:\/\/www.asart.fr\/en\/product\/fishtrap-basket-zambia\/\" \/>\n<meta property=\"og:site_name\" content=\"AS&#039;ART - A sense of craft\" \/>\n<meta property=\"article:publisher\" content=\"https:\/\/www.facebook.com\/ASART-351510218203916\/\" \/>\n<meta property=\"article:modified_time\" content=\"2023-11-22T09:30:07+00:00\" \/>\n<meta property=\"og:image\" content=\"https:\/\/www.asart.fr\/wp-content\/uploads\/2020\/06\/DSCF8647.jpg\" \/>\n\t<meta property=\"og:image:width\" content=\"1800\" \/>\n\t<meta property=\"og:image:height\" content=\"1800\" \/>\n\t<meta property=\"og:image:type\" content=\"image\/jpeg\" \/>\n<meta name=\"twitter:card\" content=\"summary_large_image\" \/>\n<meta name=\"twitter:label1\" content=\"Est. reading time\" \/>\n\t<meta name=\"twitter:data1\" content=\"1 minute\" \/>\n<script type=\"application\/ld+json\" class=\"yoast-schema-graph\">{\"@context\":\"https:\/\/schema.org\",\"@graph\":[{\"@type\":\"WebPage\",\"@id\":\"https:\/\/www.asart.fr\/en\/product\/fishtrap-basket-zambia\/\",\"url\":\"https:\/\/www.asart.fr\/en\/product\/fishtrap-basket-zambia\/\",\"name\":\"Fishtrap basket, Zambia - AS&#039;ART - A sense of craft\",\"isPartOf\":{\"@id\":\"https:\/\/www.asart.fr\/en\/#website\"},\"primaryImageOfPage\":{\"@id\":\"https:\/\/www.asart.fr\/en\/product\/fishtrap-basket-zambia\/#primaryimage\"},\"image\":{\"@id\":\"https:\/\/www.asart.fr\/en\/product\/fishtrap-basket-zambia\/#primaryimage\"},\"thumbnailUrl\":\"https:\/\/www.asart.fr\/wp-content\/uploads\/2020\/06\/DSCF8647.jpg\",\"datePublished\":\"2020-08-19T15:21:39+00:00\",\"dateModified\":\"2023-11-22T09:30:07+00:00\",\"description\":\"Material \u2013 Straw Approximate dimensions: \u00d8 48 cm x H 27 cm\",\"breadcrumb\":{\"@id\":\"https:\/\/www.asart.fr\/en\/product\/fishtrap-basket-zambia\/#breadcrumb\"},\"inLanguage\":\"en-US\",\"potentialAction\":[{\"@type\":\"ReadAction\",\"target\":[\"https:\/\/www.asart.fr\/en\/product\/fishtrap-basket-zambia\/\"]}]},{\"@type\":\"ImageObject\",\"inLanguage\":\"en-US\",\"@id\":\"https:\/\/www.asart.fr\/en\/product\/fishtrap-basket-zambia\/#primaryimage\",\"url\":\"https:\/\/www.asart.fr\/wp-content\/uploads\/2020\/06\/DSCF8647.jpg\",\"contentUrl\":\"https:\/\/www.asart.fr\/wp-content\/uploads\/2020\/06\/DSCF8647.jpg\",\"width\":1800,\"height\":1800,\"caption\":\"Cette corbeille en paille naturelle s'inspire des nasses \u00e0 poissons. Elle est confectionn\u00e9e par le peuple du Lesotho, en Afrique du Sud. Cette corbeille est l'accessoire parfait pour organiser vos objets du quotidien. Avec son fond plat et sa forme \u00e9vas\u00e9e, elle devient une corbeille tr\u00e8s pratique, id\u00e9ale pour ranger des plaids, des journaux, des jouets, et bien plus encore. L'artisanat traditionnel le plus r\u00e9pandu au Lesotho est celui r\u00e9alis\u00e9 \u00e0 partir d'herbes. Gr\u00e2ce \u00e0 l'abondance de diverses herbes dans les hautes terres montagneuses, les artisans disposent toujours de mati\u00e8res premi\u00e8res. Les femmes basotho, \u00e0 travers le pays, d\u00e9montrent un grand talent dans l'art du tissage de paniers. Ces paniers, fabriqu\u00e9s \u00e0 partir de robustes herbes locales, sont soigneusement enroul\u00e9s et maintenus par de fines cordelettes de coton. Mat\u00e9riau \u2013 Palme Dimensions approx. : \u00d8 48 cm x H 27 cm\"},{\"@type\":\"BreadcrumbList\",\"@id\":\"https:\/\/www.asart.fr\/en\/product\/fishtrap-basket-zambia\/#breadcrumb\",\"itemListElement\":[{\"@type\":\"ListItem\",\"position\":1,\"name\":\"Accueil\",\"item\":\"https:\/\/www.asart.fr\/en\/\"},{\"@type\":\"ListItem\",\"position\":2,\"name\":\"Browse all collections\",\"item\":\"https:\/\/www.asart.fr\/en\/shop\/\"},{\"@type\":\"ListItem\",\"position\":3,\"name\":\"Fishtrap basket, Zambia\"}]},{\"@type\":\"WebSite\",\"@id\":\"https:\/\/www.asart.fr\/en\/#website\",\"url\":\"https:\/\/www.asart.fr\/en\/\",\"name\":\"AS&#039;ART - A sense of craft\",\"description\":\"Explorateur et cr\u00e9ateur d&#039;artisanat africain\",\"publisher\":{\"@id\":\"https:\/\/www.asart.fr\/en\/#organization\"},\"potentialAction\":[{\"@type\":\"SearchAction\",\"target\":{\"@type\":\"EntryPoint\",\"urlTemplate\":\"https:\/\/www.asart.fr\/en\/?s={search_term_string}\"},\"query-input\":{\"@type\":\"PropertyValueSpecification\",\"valueRequired\":true,\"valueName\":\"search_term_string\"}}],\"inLanguage\":\"en-US\"},{\"@type\":\"Organization\",\"@id\":\"https:\/\/www.asart.fr\/en\/#organization\",\"name\":\"AS'ART a sense of crafts\",\"url\":\"https:\/\/www.asart.fr\/en\/\",\"logo\":{\"@type\":\"ImageObject\",\"inLanguage\":\"en-US\",\"@id\":\"https:\/\/www.asart.fr\/en\/#\/schema\/logo\/image\/\",\"url\":\"https:\/\/www.asart.fr\/wp-content\/uploads\/2020\/11\/logo-1.png\",\"contentUrl\":\"https:\/\/www.asart.fr\/wp-content\/uploads\/2020\/11\/logo-1.png\",\"width\":1458,\"height\":451,\"caption\":\"AS'ART a sense of crafts\"},\"image\":{\"@id\":\"https:\/\/www.asart.fr\/en\/#\/schema\/logo\/image\/\"},\"sameAs\":[\"https:\/\/www.facebook.com\/ASART-351510218203916\/\",\"https:\/\/www.instagram.com\/asart.paris\/\",\"https:\/\/www.linkedin.com\/organization-guest\/company\/as-art-a-sense-of-crafts\"]}]}<\/script>\n<!-- \/ Yoast SEO plugin. -->","yoast_head_json":{"title":"Fishtrap basket, Zambia - AS&#039;ART - A sense of craft","description":"Material \u2013 Straw Approximate dimensions: \u00d8 48 cm x H 27 cm","robots":{"index":"index","follow":"follow","max-snippet":"max-snippet:-1","max-image-preview":"max-image-preview:large","max-video-preview":"max-video-preview:-1"},"canonical":"https:\/\/www.asart.fr\/en\/product\/fishtrap-basket-zambia\/","og_locale":"en_US","og_type":"article","og_title":"Fishtrap basket, Zambia - AS&#039;ART - A sense of craft","og_description":"Material \u2013 Straw Approximate dimensions: \u00d8 48 cm x H 27 cm","og_url":"https:\/\/www.asart.fr\/en\/product\/fishtrap-basket-zambia\/","og_site_name":"AS&#039;ART - A sense of craft","article_publisher":"https:\/\/www.facebook.com\/ASART-351510218203916\/","article_modified_time":"2023-11-22T09:30:07+00:00","og_image":[{"width":1800,"height":1800,"url":"https:\/\/www.asart.fr\/wp-content\/uploads\/2020\/06\/DSCF8647.jpg","type":"image\/jpeg"}],"twitter_card":"summary_large_image","twitter_misc":{"Est. reading time":"1 minute"},"schema":{"@context":"https:\/\/schema.org","@graph":[{"@type":"WebPage","@id":"https:\/\/www.asart.fr\/en\/product\/fishtrap-basket-zambia\/","url":"https:\/\/www.asart.fr\/en\/product\/fishtrap-basket-zambia\/","name":"Fishtrap basket, Zambia - AS&#039;ART - A sense of craft","isPartOf":{"@id":"https:\/\/www.asart.fr\/en\/#website"},"primaryImageOfPage":{"@id":"https:\/\/www.asart.fr\/en\/product\/fishtrap-basket-zambia\/#primaryimage"},"image":{"@id":"https:\/\/www.asart.fr\/en\/product\/fishtrap-basket-zambia\/#primaryimage"},"thumbnailUrl":"https:\/\/www.asart.fr\/wp-content\/uploads\/2020\/06\/DSCF8647.jpg","datePublished":"2020-08-19T15:21:39+00:00","dateModified":"2023-11-22T09:30:07+00:00","description":"Material \u2013 Straw Approximate dimensions: \u00d8 48 cm x H 27 cm","breadcrumb":{"@id":"https:\/\/www.asart.fr\/en\/product\/fishtrap-basket-zambia\/#breadcrumb"},"inLanguage":"en-US","potentialAction":[{"@type":"ReadAction","target":["https:\/\/www.asart.fr\/en\/product\/fishtrap-basket-zambia\/"]}]},{"@type":"ImageObject","inLanguage":"en-US","@id":"https:\/\/www.asart.fr\/en\/product\/fishtrap-basket-zambia\/#primaryimage","url":"https:\/\/www.asart.fr\/wp-content\/uploads\/2020\/06\/DSCF8647.jpg","contentUrl":"https:\/\/www.asart.fr\/wp-content\/uploads\/2020\/06\/DSCF8647.jpg","width":1800,"height":1800,"caption":"Cette corbeille en paille naturelle s'inspire des nasses \u00e0 poissons. Elle est confectionn\u00e9e par le peuple du Lesotho, en Afrique du Sud. Cette corbeille est l'accessoire parfait pour organiser vos objets du quotidien. Avec son fond plat et sa forme \u00e9vas\u00e9e, elle devient une corbeille tr\u00e8s pratique, id\u00e9ale pour ranger des plaids, des journaux, des jouets, et bien plus encore. L'artisanat traditionnel le plus r\u00e9pandu au Lesotho est celui r\u00e9alis\u00e9 \u00e0 partir d'herbes. Gr\u00e2ce \u00e0 l'abondance de diverses herbes dans les hautes terres montagneuses, les artisans disposent toujours de mati\u00e8res premi\u00e8res. Les femmes basotho, \u00e0 travers le pays, d\u00e9montrent un grand talent dans l'art du tissage de paniers. Ces paniers, fabriqu\u00e9s \u00e0 partir de robustes herbes locales, sont soigneusement enroul\u00e9s et maintenus par de fines cordelettes de coton. Mat\u00e9riau \u2013 Palme Dimensions approx. : \u00d8 48 cm x H 27 cm"},{"@type":"BreadcrumbList","@id":"https:\/\/www.asart.fr\/en\/product\/fishtrap-basket-zambia\/#breadcrumb","itemListElement":[{"@type":"ListItem","position":1,"name":"Accueil","item":"https:\/\/www.asart.fr\/en\/"},{"@type":"ListItem","position":2,"name":"Browse all collections","item":"https:\/\/www.asart.fr\/en\/shop\/"},{"@type":"ListItem","position":3,"name":"Fishtrap basket, Zambia"}]},{"@type":"WebSite","@id":"https:\/\/www.asart.fr\/en\/#website","url":"https:\/\/www.asart.fr\/en\/","name":"AS&#039;ART - A sense of craft","description":"Explorateur et cr\u00e9ateur d&#039;artisanat africain","publisher":{"@id":"https:\/\/www.asart.fr\/en\/#organization"},"potentialAction":[{"@type":"SearchAction","target":{"@type":"EntryPoint","urlTemplate":"https:\/\/www.asart.fr\/en\/?s={search_term_string}"},"query-input":{"@type":"PropertyValueSpecification","valueRequired":true,"valueName":"search_term_string"}}],"inLanguage":"en-US"},{"@type":"Organization","@id":"https:\/\/www.asart.fr\/en\/#organization","name":"AS'ART a sense of crafts","url":"https:\/\/www.asart.fr\/en\/","logo":{"@type":"ImageObject","inLanguage":"en-US","@id":"https:\/\/www.asart.fr\/en\/#\/schema\/logo\/image\/","url":"https:\/\/www.asart.fr\/wp-content\/uploads\/2020\/11\/logo-1.png","contentUrl":"https:\/\/www.asart.fr\/wp-content\/uploads\/2020\/11\/logo-1.png","width":1458,"height":451,"caption":"AS'ART a sense of crafts"},"image":{"@id":"https:\/\/www.asart.fr\/en\/#\/schema\/logo\/image\/"},"sameAs":["https:\/\/www.facebook.com\/ASART-351510218203916\/","https:\/\/www.instagram.com\/asart.paris\/","https:\/\/www.linkedin.com\/organization-guest\/company\/as-art-a-sense-of-crafts"]}]}},"_links":{"self":[{"href":"https:\/\/www.asart.fr\/en\/wp-json\/wp\/v2\/product\/7871","targetHints":{"allow":["GET"]}}],"collection":[{"href":"https:\/\/www.asart.fr\/en\/wp-json\/wp\/v2\/product"}],"about":[{"href":"https:\/\/www.asart.fr\/en\/wp-json\/wp\/v2\/types\/product"}],"wp:featuredmedia":[{"embeddable":true,"href":"https:\/\/www.asart.fr\/en\/wp-json\/wp\/v2\/media\/22351"}],"wp:attachment":[{"href":"https:\/\/www.asart.fr\/en\/wp-json\/wp\/v2\/media?parent=7871"}],"wp:term":[{"taxonomy":"product_brand","embeddable":true,"href":"https:\/\/www.asart.fr\/en\/wp-json\/wp\/v2\/product_brand?post=7871"},{"taxonomy":"product_cat","embeddable":true,"href":"https:\/\/www.asart.fr\/en\/wp-json\/wp\/v2\/product_cat?post=7871"},{"taxonomy":"product_tag","embeddable":true,"href":"https:\/\/www.asart.fr\/en\/wp-json\/wp\/v2\/product_tag?post=7871"}],"curies":[{"name":"wp","href":"https:\/\/api.w.org\/{rel}","templated":true}]}}